{"id":27,"date":"2024-06-24T20:52:31","date_gmt":"2024-06-24T18:52:31","guid":{"rendered":"https:\/\/jacques-vernier.fr\/?page_id=27"},"modified":"2024-06-24T21:05:06","modified_gmt":"2024-06-24T19:05:06","slug":"page2-2","status":"publish","type":"page","link":"https:\/\/jacques-vernier.fr\/?page_id=27","title":{"rendered":"Activit\u00e9s Associatives"},"content":{"rendered":"\n<p><strong>Actuelles<\/strong><\/p>\n\n\n\n<ul class=\"wp-block-list\">\n<li><strong>Depuis 2014<\/strong><br>B\u00e9n\u00e9vole \u00e0 la Croix rouge<br>Soutien scolaire dans un centre social<\/li>\n<\/ul>\n\n\n\n<p><strong>Ant\u00e9rieures<\/strong><\/p>\n\n\n\n<ul class=\"wp-block-list\">\n<li><strong>De 1976 \u00e0 1983<\/strong><br>Fondateur et Pr\u00e9sident de l\u2019association Douai-Consommateurs (UFC)<\/li>\n\n\n\n<li><strong>De 1976 \u00e0 1983<\/strong><br>Pr\u00e9sident du PACT de Douai (association d\u2019aide aux mal log\u00e9s)<\/li>\n<\/ul>\n","protected":false},"excerpt":{"rendered":"<p>Actuelles Ant\u00e9rieures<\/p>\n","protected":false},"author":1,"featured_media":0,"parent":0,"menu_order":2,"comment_status":"closed","ping_status":"closed","template":"","meta":{"footnotes":""},"class_list":["post-27","page","type-page","status-publish","hentry"],"_links":{"self":[{"href":"https:\/\/jacques-vernier.fr\/index.php?rest_route=\/wp\/v2\/pages\/27","targetHints":{"allow":["GET"]}}],"collection":[{"href":"https:\/\/jacques-vernier.fr\/index.php?rest_route=\/wp\/v2\/pages"}],"about":[{"href":"https:\/\/jacques-vernier.fr\/index.php?rest_route=\/wp\/v2\/types\/page"}],"author":[{"embeddable":true,"href":"https:\/\/jacques-vernier.fr\/index.php?rest_route=\/wp\/v2\/users\/1"}],"replies":[{"embeddable":true,"href":"https:\/\/jacques-vernier.fr\/index.php?rest_route=%2Fwp%2Fv2%2Fcomments&post=27"}],"version-history":[{"count":2,"href":"https:\/\/jacques-vernier.fr\/index.php?rest_route=\/wp\/v2\/pages\/27\/revisions"}],"predecessor-version":[{"id":29,"href":"https:\/\/jacques-vernier.fr\/index.php?rest_route=\/wp\/v2\/pages\/27\/revisions\/29"}],"wp:attachment":[{"href":"https:\/\/jacques-vernier.fr\/index.php?rest_route=%2Fwp%2Fv2%2Fmedia&parent=27"}],"curies":[{"name":"wp","href":"https:\/\/api.w.org\/{rel}","templated":true}]}}