{"id":30,"date":"2024-06-24T20:54:55","date_gmt":"2024-06-24T18:54:55","guid":{"rendered":"https:\/\/jacques-vernier.fr\/?page_id=30"},"modified":"2024-09-24T11:51:10","modified_gmt":"2024-09-24T09:51:10","slug":"activites-professionnelles","status":"publish","type":"page","link":"https:\/\/jacques-vernier.fr\/?page_id=30","title":{"rendered":"Activit\u00e9s Professionnelles"},"content":{"rendered":"\n<p><\/p>\n\n\n\n<h2 class=\"wp-block-heading\">Actuelles<\/h2>\n\n\n\n<p><strong>Depuis 1998<\/strong><\/p>\n\n\n\n<p><strong>Pr\u00e9sident de la commission interminist\u00e9rielle du transport des mati\u00e8res dangereuses<\/strong><\/p>\n\n\n\n<blockquote class=\"wp-block-quote is-layout-flow wp-block-quote-is-layout-flow\">\n<p>Minist\u00e8re de la transition \u00e9cologique<br>Direction g\u00e9n\u00e9rale de la pr\u00e9vention des risques<br>Tour S\u00e9quoia<br>92 055 La D\u00e9fense cedex<br>Internet:\u00a0<a href=\"https:\/\/www.ecologie.gouv.fr\/politiques-publiques\/risques-technologiques\">https:\/\/www.ecologie.gouv.fr\/politiques-publiques\/risques-technologiques<\/a><\/p>\n<\/blockquote>\n\n\n\n<p><strong>Depuis 2004<\/strong><\/p>\n\n\n\n<p><strong>Pr\u00e9sident du Conseil sup\u00e9rieur de la pr\u00e9vention des risques technologiques\u00a0(CSPRT)<\/strong><\/p>\n\n\n\n<blockquote class=\"wp-block-quote is-layout-flow wp-block-quote-is-layout-flow\">\n<p>Minist\u00e8re de la transition \u00e9cologique<br>Direction g\u00e9n\u00e9rale de la pr\u00e9vention des risques<br>Tour S\u00e9quoia<br>92 055 La D\u00e9fense cedex<br>Internet :<a href=\"https:\/\/www.ecologie.gouv.fr\/politiques-publiques\/risques-technologiques\">https:\/\/www.ecologie.gouv.fr\/politiques-publiques\/risques-technologiques<\/a><\/p>\n<\/blockquote>\n\n\n\n<p><strong>Depuis 2016<\/strong><br><strong>Pr\u00e9sident de la commission des fili\u00e8res de responsabilit\u00e9 \u00e9largie des producteurs (en mati\u00e8re de gestion des d\u00e9chets)<\/strong> <strong>(CIFREP)<\/strong><\/p>\n\n\n\n<blockquote class=\"wp-block-quote is-layout-flow wp-block-quote-is-layout-flow\">\n<p>Minist\u00e8re de la transition \u00e9cologique&nbsp;<br>Direction g\u00e9n\u00e9rale de la pr\u00e9vention des risques<br>Tour S\u00e9quoia&nbsp;&nbsp;92055 La D\u00e9fense cedex&nbsp;<br>Internet: <a href=\"https:\/\/www.ecologie.gouv.fr\/cadre-general-des-filieres-responsabilite-elargie-des-producteurs\">https:\/\/www.ecologie.gouv.fr\/cadre-general-des-filieres-responsabilite-elargie-des-producteurs<\/a><\/p>\n<\/blockquote>\n\n\n\n<p><strong>Depuis 2022<\/strong>                                                                                            <strong>Pr\u00e9sident du Comit\u00e9 de dialogue de l&rsquo;ANSES sur les<\/strong> <strong>biotechnologies<\/strong><\/p>\n\n\n\n<p class=\"has-text-align-left\">ANSES &#8211; 14 rue Pierre et Marie Curie &#8211; 94701 &#8211; MAISONS-ALFORT Cedex\u00a0<br>Internet: <a href=\"https:\/\/www.ecologie.gouv.fr\/cadre-general-des-filieres-responsabilite-elargie-des-producteurs\">https:\/\/www.anses.fr\/fr\/content\/les-biotechnologies<\/a><\/p>\n\n\n\n<p><\/p>\n\n\n\n<h2 class=\"wp-block-heading\">Ant\u00e9rieures<\/h2>\n\n\n\n<p><strong>1968 \u2013 1972<\/strong><br>Service des Mines \u00e0 Strasbourg<\/p>\n\n\n\n<p><strong>1972 \u2013 1974<\/strong><br>Secr\u00e9taire G\u00e9n\u00e9ral Adjoint de l\u2019Agence de Bassin Seine-Normandie, \u00e0 Paris<\/p>\n\n\n\n<p><strong>1974 \u2013 1983<\/strong><br>Directeur de l\u2019Agence de l\u2019Eau Nord-Artois-Picardie, \u00e0 Douai<\/p>\n\n\n\n<p><strong>1994 \u2013 1997<\/strong><br>Pr\u00e9sident de l\u2019Agence de l\u2019Environnement et de la Ma\u00eetrise de l\u2019Energie (ADEME)<\/p>\n\n\n\n<p><strong>2003-2010<\/strong><br>Pr\u00e9sident du conseil d\u2019administration de l\u2019INERIS<br><em>(Institut national de l\u2019environnement industriel et des risques)<\/em><\/p>\n\n\n\n<p><strong>2009 \u2013 2012<\/strong><br>Membre de l\u2019Autorit\u00e9 environnementale<br>Inspection G\u00e9n\u00e9rale de l\u2019environnement et du d\u00e9veloppement durable<\/p>\n","protected":false},"excerpt":{"rendered":"<p>Actuelles Depuis 1998 Pr\u00e9sident de la commission interminist\u00e9rielle du transport des mati\u00e8res dangereuses Minist\u00e8re de la transition \u00e9cologiqueDirection g\u00e9n\u00e9rale de la pr\u00e9vention des risquesTour S\u00e9quoia92 055 La D\u00e9fense cedexInternet:\u00a0https:\/\/www.ecologie.gouv.fr\/politiques-publiques\/risques-technologiques Depuis 2004 Pr\u00e9sident du Conseil sup\u00e9rieur de la pr\u00e9vention des risques technologiques\u00a0(CSPRT) Minist\u00e8re de la transition \u00e9cologiqueDirection g\u00e9n\u00e9rale de la pr\u00e9vention des risquesTour S\u00e9quoia92 055 La [&hellip;]<\/p>\n","protected":false},"author":1,"featured_media":0,"parent":0,"menu_order":1,"comment_status":"closed","ping_status":"closed","template":"","meta":{"footnotes":""},"class_list":["post-30","page","type-page","status-publish","hentry"],"_links":{"self":[{"href":"https:\/\/jacques-vernier.fr\/index.php?rest_route=\/wp\/v2\/pages\/30","targetHints":{"allow":["GET"]}}],"collection":[{"href":"https:\/\/jacques-vernier.fr\/index.php?rest_route=\/wp\/v2\/pages"}],"about":[{"href":"https:\/\/jacques-vernier.fr\/index.php?rest_route=\/wp\/v2\/types\/page"}],"author":[{"embeddable":true,"href":"https:\/\/jacques-vernier.fr\/index.php?rest_route=\/wp\/v2\/users\/1"}],"replies":[{"embeddable":true,"href":"https:\/\/jacques-vernier.fr\/index.php?rest_route=%2Fwp%2Fv2%2Fcomments&post=30"}],"version-history":[{"count":6,"href":"https:\/\/jacques-vernier.fr\/index.php?rest_route=\/wp\/v2\/pages\/30\/revisions"}],"predecessor-version":[{"id":120,"href":"https:\/\/jacques-vernier.fr\/index.php?rest_route=\/wp\/v2\/pages\/30\/revisions\/120"}],"wp:attachment":[{"href":"https:\/\/jacques-vernier.fr\/index.php?rest_route=%2Fwp%2Fv2%2Fmedia&parent=30"}],"curies":[{"name":"wp","href":"https:\/\/api.w.org\/{rel}","templated":true}]}}