{"id":36,"date":"2024-06-24T20:59:40","date_gmt":"2024-06-24T18:59:40","guid":{"rendered":"https:\/\/jacques-vernier.fr\/?page_id=36"},"modified":"2024-09-24T12:27:08","modified_gmt":"2024-09-24T10:27:08","slug":"publications","status":"publish","type":"page","link":"https:\/\/jacques-vernier.fr\/?page_id=36","title":{"rendered":"Publications"},"content":{"rendered":"\n<p><\/p>\n\n\n\n<p><\/p>\n\n\n\n<blockquote class=\"wp-block-quote is-layout-flow wp-block-quote-is-layout-flow\">\n<p>  En <strong>1971<\/strong><\/p>\n\n\n\n<p><strong>La bataille de l&rsquo;environnement <\/strong>&#8211; Editions Robert Laffont<\/p>\n<\/blockquote>\n\n\n\n<figure class=\"wp-block-image size-large is-resized\"><img loading=\"lazy\" decoding=\"async\" width=\"655\" height=\"1024\" src=\"http:\/\/jacques-vernier.fr\/wp-content\/uploads\/2024\/09\/IMG_8172-002-655x1024.jpg\" alt=\"\" class=\"wp-image-122\" style=\"width:367px;height:auto\" srcset=\"https:\/\/jacques-vernier.fr\/wp-content\/uploads\/2024\/09\/IMG_8172-002-655x1024.jpg 655w, https:\/\/jacques-vernier.fr\/wp-content\/uploads\/2024\/09\/IMG_8172-002-192x300.jpg 192w, https:\/\/jacques-vernier.fr\/wp-content\/uploads\/2024\/09\/IMG_8172-002-768x1201.jpg 768w, https:\/\/jacques-vernier.fr\/wp-content\/uploads\/2024\/09\/IMG_8172-002-982x1536.jpg 982w, https:\/\/jacques-vernier.fr\/wp-content\/uploads\/2024\/09\/IMG_8172-002-1310x2048.jpg 1310w, https:\/\/jacques-vernier.fr\/wp-content\/uploads\/2024\/09\/IMG_8172-002-1200x1876.jpg 1200w, https:\/\/jacques-vernier.fr\/wp-content\/uploads\/2024\/09\/IMG_8172-002-scaled.jpg 1637w\" sizes=\"auto, (max-width: 655px) 100vw, 655px\" \/><\/figure>\n\n\n\n<p><\/p>\n\n\n\n<p><\/p>\n\n\n\n<blockquote class=\"wp-block-quote is-layout-flow wp-block-quote-is-layout-flow\">\n<p><strong>De 1981 \u00e0 2014<\/strong><\/p>\n<\/blockquote>\n\n\n\n<div class=\"wp-block-media-text alignwide is-stacked-on-mobile\" style=\"grid-template-columns:18% auto\"><figure class=\"wp-block-media-text__media\"><img loading=\"lazy\" decoding=\"async\" width=\"300\" height=\"489\" src=\"https:\/\/jacques-vernier.fr\/wp-content\/uploads\/2024\/06\/Guide_patrique_2013.jpg\" alt=\"\" class=\"wp-image-92 size-full\" srcset=\"https:\/\/jacques-vernier.fr\/wp-content\/uploads\/2024\/06\/Guide_patrique_2013.jpg 300w, https:\/\/jacques-vernier.fr\/wp-content\/uploads\/2024\/06\/Guide_patrique_2013-184x300.jpg 184w\" sizes=\"auto, (max-width: 300px) 100vw, 300px\" \/><\/figure><div class=\"wp-block-media-text__content\">\n<p><em><strong>&nbsp;Guide Pratique pour les habitants de Douai<\/strong><\/em> <\/p>\n\n\n\n<p>(Derni\u00e8re \u00e9dition : 2013)<\/p>\n\n\n\n<p><\/p>\n<\/div><\/div>\n\n\n\n<p><\/p>\n\n\n\n<blockquote class=\"wp-block-quote is-layout-flow wp-block-quote-is-layout-flow\">\n<p><strong>En 1992<\/strong>  <strong>(11\u00e8me \u00e9dition en 2023)<\/strong><\/p>\n<\/blockquote>\n\n\n\n<div class=\"wp-block-media-text alignwide is-stacked-on-mobile\" style=\"grid-template-columns:25% auto\"><figure class=\"wp-block-media-text__media\"><img loading=\"lazy\" decoding=\"async\" width=\"669\" height=\"1024\" src=\"http:\/\/jacques-vernier.fr\/wp-content\/uploads\/2024\/06\/Lenvironnement-669x1024-1.jpg\" alt=\"\" class=\"wp-image-38 size-full\" srcset=\"https:\/\/jacques-vernier.fr\/wp-content\/uploads\/2024\/06\/Lenvironnement-669x1024-1.jpg 669w, https:\/\/jacques-vernier.fr\/wp-content\/uploads\/2024\/06\/Lenvironnement-669x1024-1-196x300.jpg 196w\" sizes=\"auto, (max-width: 669px) 100vw, 669px\" \/><\/figure><div class=\"wp-block-media-text__content\">\n<p><strong>\u00ab\u00a0L\u2019environnement\u00a0\u00bb<\/strong>\u00a0<\/p>\n\n\n\n<p>Collection \u00ab&nbsp;Que sais-je ?&nbsp;\u00bb \u2013 Presses Universitaires de France<\/p>\n\n\n\n<p>Internet :&nbsp;<a href=\"http:\/\/www.puf.com\/\" target=\"_blank\" rel=\"noreferrer noopener\">www.puf.com<\/a><\/p>\n\n\n\n<p><strong>Sommaire <\/strong>:<\/p>\n\n\n\n<p><em>Introduction<\/em><\/p>\n\n\n\n<p>Premi\u00e8re partie \u2013&nbsp;<strong>Six enjeux<\/strong><strong>&nbsp;:&nbsp;<\/strong>L\u2019eau \u2013 L\u2019air \u2013 Le bruit \u2013 Les d\u00e9chets \u2013 Produire propre et sans risque \u2013 La nature<\/p>\n\n\n\n<p>Deuxi\u00e8me partie \u2013&nbsp;<strong>Six leviers pour l\u2019action&nbsp;:&nbsp;<\/strong>Des lois \u2013 Des incitations \u00e9conomiques et fiscales \u2013 Des citoyens et des associations actifs \u2013 Une \u00e9ducation \u00e0 l\u2019environnement \u2013 Des recherches scientifiques \u2013 Une action internationale<\/p>\n<\/div><\/div>\n\n\n\n<p><\/p>\n\n\n\n<p><\/p>\n\n\n\n<blockquote class=\"wp-block-quote is-layout-flow wp-block-quote-is-layout-flow\">\n<p><strong>En 1997<\/strong> <strong>(9\u00e8me \u00e9dition en 2023)<\/strong><\/p>\n<\/blockquote>\n\n\n\n<div class=\"wp-block-media-text alignwide is-stacked-on-mobile\" style=\"grid-template-columns:27% auto\"><figure class=\"wp-block-media-text__media\"><img loading=\"lazy\" decoding=\"async\" width=\"186\" height=\"285\" src=\"http:\/\/jacques-vernier.fr\/wp-content\/uploads\/2024\/06\/1517452340_9782130799696_v100.jpg\" alt=\"\" class=\"wp-image-37 size-full\"\/><\/figure><div class=\"wp-block-media-text__content\">\n<p><strong><strong>\u00ab\u00a0Les \u00e9nergies renouvelables\u00a0\u00bb<\/strong><\/strong>\u00a0<\/p>\n\n\n\n<p>Collection \u00ab&nbsp;Que sais-je ?&nbsp;\u00bb \u2013 Presses Universitaires de France<\/p>\n\n\n\n<p>Internet :&nbsp;<a href=\"http:\/\/www.puf.com\/\" target=\"_blank\" rel=\"noreferrer noopener\">www.puf.com<\/a><\/p>\n\n\n\n<p>Sommaire :<\/p>\n\n\n\n<p>Introduction&nbsp;<\/p>\n\n\n\n<p>Chapitre 1 \u2013&nbsp;<strong>Le soleil<\/strong>&nbsp;: L\u2019architecture solaire passive \u2013 Chauffage et eau chaude solaires \u2013 Les centrales \u00e9lectriques thermiques solaires \u2013 L\u2019\u00e9lectricit\u00e9 solaire photovolta\u00efque<\/p>\n\n\n\n<p>Chapitre 2 \u2013<strong>&nbsp;Le vent<\/strong>&nbsp;: Vitesse et variations \u2013 Les \u00e9oliennes \u2013 Utilisations des \u00e9oliennes et perspectives de d\u00e9veloppement<\/p>\n\n\n\n<p>Chapitre 3 \u2013<strong>&nbsp;La houille blanche, l\u2019\u00e9nergie hydraulique<\/strong>&nbsp;: L\u2019\u00e9nergie des rivi\u00e8res et des fleuves \u2013 L\u2019\u00e9nergie des oc\u00e9ans<\/p>\n\n\n\n<p>Chapitre 4 \u2013<strong>&nbsp;La houille verte, l\u2019\u00e9nergie des v\u00e9g\u00e9taux<\/strong>&nbsp;: La gen\u00e8se de la houille verte \u2013 Les biocombustibles, le bois \u2013 Les biocarburants<\/p>\n\n\n\n<p>Chapitre 5 \u2013&nbsp;<strong>L\u2019\u00e9nergie des d\u00e9chets<\/strong>&nbsp;: La fermentation \u2013 L\u2019incin\u00e9ration<\/p>\n\n\n\n<p>Chapitre 6 \u2013&nbsp;<strong>La g\u00e9othermie, l\u2019\u00e9nergie de la terre<\/strong>&nbsp;: L\u2019origine de l\u2019\u00e9nergie g\u00e9othermique \u2013 La g\u00e9othermie \u00ab&nbsp;basse \u00e9nergie&nbsp;\u00bb, chauffage \u2013 La g\u00e9othermie \u00ab&nbsp;haute et moyenne \u00e9nergie&nbsp;\u00bb, \u00e9lectricit\u00e9 \u2013 G\u00e9othermie et environnement<\/p>\n\n\n\n<p><\/p>\n<\/div><\/div>\n","protected":false},"excerpt":{"rendered":"<p>En 1971 La bataille de l&rsquo;environnement &#8211; Editions Robert Laffont De 1981 \u00e0 2014 &nbsp;Guide Pratique pour les habitants de Douai (Derni\u00e8re \u00e9dition : 2013) En 1992 (11\u00e8me \u00e9dition en 2023) \u00ab\u00a0L\u2019environnement\u00a0\u00bb\u00a0 Collection \u00ab&nbsp;Que sais-je ?&nbsp;\u00bb \u2013 Presses Universitaires de France Internet :&nbsp;www.puf.com Sommaire : Introduction Premi\u00e8re partie \u2013&nbsp;Six enjeux&nbsp;:&nbsp;L\u2019eau \u2013 L\u2019air \u2013 Le bruit [&hellip;]<\/p>\n","protected":false},"author":1,"featured_media":0,"parent":0,"menu_order":0,"comment_status":"closed","ping_status":"closed","template":"","meta":{"footnotes":""},"class_list":["post-36","page","type-page","status-publish","hentry"],"_links":{"self":[{"href":"https:\/\/jacques-vernier.fr\/index.php?rest_route=\/wp\/v2\/pages\/36","targetHints":{"allow":["GET"]}}],"collection":[{"href":"https:\/\/jacques-vernier.fr\/index.php?rest_route=\/wp\/v2\/pages"}],"about":[{"href":"https:\/\/jacques-vernier.fr\/index.php?rest_route=\/wp\/v2\/types\/page"}],"author":[{"embeddable":true,"href":"https:\/\/jacques-vernier.fr\/index.php?rest_route=\/wp\/v2\/users\/1"}],"replies":[{"embeddable":true,"href":"https:\/\/jacques-vernier.fr\/index.php?rest_route=%2Fwp%2Fv2%2Fcomments&post=36"}],"version-history":[{"count":15,"href":"https:\/\/jacques-vernier.fr\/index.php?rest_route=\/wp\/v2\/pages\/36\/revisions"}],"predecessor-version":[{"id":127,"href":"https:\/\/jacques-vernier.fr\/index.php?rest_route=\/wp\/v2\/pages\/36\/revisions\/127"}],"wp:attachment":[{"href":"https:\/\/jacques-vernier.fr\/index.php?rest_route=%2Fwp%2Fv2%2Fmedia&parent=36"}],"curies":[{"name":"wp","href":"https:\/\/api.w.org\/{rel}","templated":true}]}}