{"id":42,"date":"2024-06-24T21:02:30","date_gmt":"2024-06-24T19:02:30","guid":{"rendered":"https:\/\/jacques-vernier.fr\/?page_id=42"},"modified":"2024-06-24T21:32:40","modified_gmt":"2024-06-24T19:32:40","slug":"responsabilites-politiques","status":"publish","type":"page","link":"https:\/\/jacques-vernier.fr\/?page_id=42","title":{"rendered":"Responsabilit\u00e9s politiques"},"content":{"rendered":"\n<p><\/p>\n\n\n\n<p><strong>Ant\u00e9rieures<\/strong><\/p>\n\n\n\n<p><strong>1989 \u2013 1995<\/strong><br>Secr\u00e9taire National puis D\u00e9l\u00e9gu\u00e9 G\u00e9n\u00e9ral charg\u00e9 de l\u2019Environnement au sein du RPR<\/p>\n\n\n\n<p><strong>1992 \u2013 1994<\/strong><br>Secr\u00e9taire d\u00e9partemental du RPR du Nord<\/p>\n\n\n\n<p><strong>1993 \u2013 1998<\/strong><br>Membre du bureau politique du RPR<\/p>\n\n\n\n<p><strong>2003 \u2013 2010<\/strong><br>Pr\u00e9sident du comit\u00e9 d\u00e9partementale de l\u2019UMP du Nord<\/p>\n","protected":false},"excerpt":{"rendered":"<p>Ant\u00e9rieures 1989 \u2013 1995Secr\u00e9taire National puis D\u00e9l\u00e9gu\u00e9 G\u00e9n\u00e9ral charg\u00e9 de l\u2019Environnement au sein du RPR 1992 \u2013 1994Secr\u00e9taire d\u00e9partemental du RPR du Nord 1993 \u2013 1998Membre du bureau politique du RPR 2003 \u2013 2010Pr\u00e9sident du comit\u00e9 d\u00e9partementale de l\u2019UMP du Nord<\/p>\n","protected":false},"author":1,"featured_media":0,"parent":0,"menu_order":0,"comment_status":"closed","ping_status":"closed","template":"","meta":{"footnotes":""},"class_list":["post-42","page","type-page","status-publish","hentry"],"_links":{"self":[{"href":"https:\/\/jacques-vernier.fr\/index.php?rest_route=\/wp\/v2\/pages\/42","targetHints":{"allow":["GET"]}}],"collection":[{"href":"https:\/\/jacques-vernier.fr\/index.php?rest_route=\/wp\/v2\/pages"}],"about":[{"href":"https:\/\/jacques-vernier.fr\/index.php?rest_route=\/wp\/v2\/types\/page"}],"author":[{"embeddable":true,"href":"https:\/\/jacques-vernier.fr\/index.php?rest_route=\/wp\/v2\/users\/1"}],"replies":[{"embeddable":true,"href":"https:\/\/jacques-vernier.fr\/index.php?rest_route=%2Fwp%2Fv2%2Fcomments&post=42"}],"version-history":[{"count":3,"href":"https:\/\/jacques-vernier.fr\/index.php?rest_route=\/wp\/v2\/pages\/42\/revisions"}],"predecessor-version":[{"id":115,"href":"https:\/\/jacques-vernier.fr\/index.php?rest_route=\/wp\/v2\/pages\/42\/revisions\/115"}],"wp:attachment":[{"href":"https:\/\/jacques-vernier.fr\/index.php?rest_route=%2Fwp%2Fv2%2Fmedia&parent=42"}],"curies":[{"name":"wp","href":"https:\/\/api.w.org\/{rel}","templated":true}]}}