{"id":44,"date":"2024-06-24T21:04:34","date_gmt":"2024-06-24T19:04:34","guid":{"rendered":"https:\/\/jacques-vernier.fr\/?page_id=44"},"modified":"2024-06-25T14:43:51","modified_gmt":"2024-06-25T12:43:51","slug":"presentation-personnelle","status":"publish","type":"page","link":"https:\/\/jacques-vernier.fr\/","title":{"rendered":"Pr\u00e9sentation personnelle"},"content":{"rendered":"\n<p>N\u00e9 le 3 juillet 1944 \u00e0 Paris<br>Mari\u00e9, 4 enfants, 11 petits-enfants<br>Polytechnicien<br>Ing\u00e9nieur g\u00e9n\u00e9ral des mines (ER)<\/p>\n\n\n\n<p><\/p>\n\n\n\n<figure class=\"wp-block-image size-full\"><img loading=\"lazy\" decoding=\"async\" width=\"278\" height=\"432\" src=\"http:\/\/jacques-vernier.fr\/wp-content\/uploads\/2024\/06\/PHOTO-JVERNIER.jpg\" alt=\"\" class=\"wp-image-14\" srcset=\"https:\/\/jacques-vernier.fr\/wp-content\/uploads\/2024\/06\/PHOTO-JVERNIER.jpg 278w, https:\/\/jacques-vernier.fr\/wp-content\/uploads\/2024\/06\/PHOTO-JVERNIER-193x300.jpg 193w\" sizes=\"auto, (max-width: 278px) 100vw, 278px\" \/><\/figure>\n","protected":false},"excerpt":{"rendered":"<p>N\u00e9 le 3 juillet 1944 \u00e0 ParisMari\u00e9, 4 enfants, 11 petits-enfantsPolytechnicienIng\u00e9nieur g\u00e9n\u00e9ral des mines (ER)<\/p>\n","protected":false},"author":1,"featured_media":0,"parent":0,"menu_order":0,"comment_status":"closed","ping_status":"closed","template":"","meta":{"footnotes":""},"class_list":["post-44","page","type-page","status-publish","hentry"],"_links":{"self":[{"href":"https:\/\/jacques-vernier.fr\/index.php?rest_route=\/wp\/v2\/pages\/44","targetHints":{"allow":["GET"]}}],"collection":[{"href":"https:\/\/jacques-vernier.fr\/index.php?rest_route=\/wp\/v2\/pages"}],"about":[{"href":"https:\/\/jacques-vernier.fr\/index.php?rest_route=\/wp\/v2\/types\/page"}],"author":[{"embeddable":true,"href":"https:\/\/jacques-vernier.fr\/index.php?rest_route=\/wp\/v2\/users\/1"}],"replies":[{"embeddable":true,"href":"https:\/\/jacques-vernier.fr\/index.php?rest_route=%2Fwp%2Fv2%2Fcomments&post=44"}],"version-history":[{"count":3,"href":"https:\/\/jacques-vernier.fr\/index.php?rest_route=\/wp\/v2\/pages\/44\/revisions"}],"predecessor-version":[{"id":102,"href":"https:\/\/jacques-vernier.fr\/index.php?rest_route=\/wp\/v2\/pages\/44\/revisions\/102"}],"wp:attachment":[{"href":"https:\/\/jacques-vernier.fr\/index.php?rest_route=%2Fwp%2Fv2%2Fmedia&parent=44"}],"curies":[{"name":"wp","href":"https:\/\/api.w.org\/{rel}","templated":true}]}}